{"id":26,"date":"2025-04-28T16:21:58","date_gmt":"2025-04-28T14:21:58","guid":{"rendered":"https:\/\/aucoeurdemesnuits.com\/?page_id=26"},"modified":"2025-04-28T18:43:50","modified_gmt":"2025-04-28T16:43:50","slug":"a-propos","status":"publish","type":"page","link":"https:\/\/aucoeurdemesnuits.com\/?page_id=26","title":{"rendered":"A propos"},"content":{"rendered":"<p class=\"\" data-start=\"942\" data-end=\"1094\">Je m&rsquo;appelle Cyril.<br data-start=\"974\" data-end=\"977\" \/>J\u2019\u00e9cris pour habiter ce que je n&rsquo;arrive pas toujours \u00e0 dire.<br data-start=\"1039\" data-end=\"1042\" \/>Je cr\u00e9e pour ne pas oublier ce qui m&rsquo;a travers\u00e9.<\/p>\n<p class=\"\" data-start=\"1102\" data-end=\"1280\"><strong data-start=\"1102\" data-end=\"1126\">Au C\u0153ur de Mes Nuits<\/strong> est n\u00e9 d&rsquo;une n\u00e9cessit\u00e9 :<br data-start=\"1151\" data-end=\"1154\" \/>celle de poser les mots quelque part, loin du bruit, pr\u00e8s de l&rsquo;essentiel.<br data-start=\"1229\" data-end=\"1232\" \/>Un besoin de lenteur. D&rsquo;\u00e9cho. De v\u00e9rit\u00e9 nue.<\/p>\n<p class=\"\" data-start=\"1288\" data-end=\"1464\">Ici, il n&rsquo;y a pas de certitudes.<br data-start=\"1320\" data-end=\"1323\" \/>Juste des fragments. Des passerelles fragiles entre soi et le monde.<br data-start=\"1393\" data-end=\"1396\" \/>Peut-\u00eatre, de temps en temps, une clart\u00e9 au d\u00e9tour d&rsquo;un silence.<\/p>\n<p class=\"\" data-start=\"1472\" data-end=\"1526\"><strong data-start=\"1472\" data-end=\"1526\">Bienvenue \u00e0 ceux qui savent lire entre les lignes.<\/strong><\/p>\n","protected":false},"excerpt":{"rendered":"<p>Je m&rsquo;appelle Cyril.J\u2019\u00e9cris pour habiter ce que je n&rsquo;arrive pas toujours \u00e0 dire.Je cr\u00e9e pour ne pas oublier ce qui m&rsquo;a travers\u00e9. Au C\u0153ur de Mes Nuits est n\u00e9 d&rsquo;une n\u00e9cessit\u00e9 :celle de poser les mots quelque part, loin du bruit, pr\u00e8s de l&rsquo;essentiel.Un besoin de lenteur. D&rsquo;\u00e9cho. De v\u00e9rit\u00e9 nue. Ici, il n&rsquo;y a pas de certitudes.Juste des fragments. Des passerelles fragiles entre soi et le monde.Peut-\u00eatre, de temps en temps, une clart\u00e9 au d\u00e9tour d&rsquo;un silence. Bienvenue \u00e0 ceux qui savent lire entre les lignes.<\/p>\n","protected":false},"author":1,"featured_media":65,"parent":0,"menu_order":0,"comment_status":"closed","ping_status":"closed","template":"","meta":{"footnotes":""},"class_list":["post-26","page","type-page","status-publish","has-post-thumbnail","hentry"],"yoast_head":"<!-- This site is optimized with the Yoast SEO plugin v27.4 - https:\/\/yoast.com\/product\/yoast-seo-wordpress\/ -->\n<title>A propos - Au Coeur De Mes Nuits<\/title>\n<meta name=\"robots\" content=\"index, follow, max-snippet:-1, max-image-preview:large, max-video-preview:-1\" \/>\n<link rel=\"canonical\" href=\"https:\/\/aucoeurdemesnuits.com\/?page_id=26\" \/>\n<meta property=\"og:locale\" content=\"fr_FR\" \/>\n<meta property=\"og:type\" content=\"article\" \/>\n<meta property=\"og:title\" content=\"A propos - Au Coeur De Mes Nuits\" \/>\n<meta property=\"og:description\" content=\"Je m&rsquo;appelle Cyril.J\u2019\u00e9cris pour habiter ce que je n&rsquo;arrive pas toujours \u00e0 dire.Je cr\u00e9e pour ne pas oublier ce qui m&rsquo;a travers\u00e9. Au C\u0153ur de Mes Nuits est n\u00e9 d&rsquo;une n\u00e9cessit\u00e9 :celle de poser les mots quelque part, loin du bruit, pr\u00e8s de l&rsquo;essentiel.Un besoin de lenteur. D&rsquo;\u00e9cho. De v\u00e9rit\u00e9 nue. Ici, il n&rsquo;y a pas de certitudes.Juste des fragments. Des passerelles fragiles entre soi et le monde.Peut-\u00eatre, de temps en temps, une clart\u00e9 au d\u00e9tour d&rsquo;un silence. Bienvenue \u00e0 ceux qui savent lire entre les lignes.\" \/>\n<meta property=\"og:url\" content=\"https:\/\/aucoeurdemesnuits.com\/?page_id=26\" \/>\n<meta property=\"og:site_name\" content=\"Au Coeur De Mes Nuits\" \/>\n<meta property=\"article:modified_time\" content=\"2025-04-28T16:43:50+00:00\" \/>\n<meta property=\"og:image\" content=\"https:\/\/aucoeurdemesnuits.com\/wp-content\/uploads\/2025\/04\/Carnet05-scaled.jpg\" \/>\n\t<meta property=\"og:image:width\" content=\"2560\" \/>\n\t<meta property=\"og:image:height\" content=\"1707\" \/>\n\t<meta property=\"og:image:type\" content=\"image\/jpeg\" \/>\n<meta name=\"twitter:card\" content=\"summary_large_image\" \/>\n<meta name=\"twitter:label1\" content=\"Dur\u00e9e de lecture estim\u00e9e\" \/>\n\t<meta name=\"twitter:data1\" content=\"1 minute\" \/>\n<script type=\"application\/ld+json\" class=\"yoast-schema-graph\">{\"@context\":\"https:\\\/\\\/schema.org\",\"@graph\":[{\"@type\":\"WebPage\",\"@id\":\"https:\\\/\\\/aucoeurdemesnuits.com\\\/?page_id=26\",\"url\":\"https:\\\/\\\/aucoeurdemesnuits.com\\\/?page_id=26\",\"name\":\"A propos - Au Coeur De Mes Nuits\",\"isPartOf\":{\"@id\":\"https:\\\/\\\/aucoeurdemesnuits.com\\\/#website\"},\"primaryImageOfPage\":{\"@id\":\"https:\\\/\\\/aucoeurdemesnuits.com\\\/?page_id=26#primaryimage\"},\"image\":{\"@id\":\"https:\\\/\\\/aucoeurdemesnuits.com\\\/?page_id=26#primaryimage\"},\"thumbnailUrl\":\"https:\\\/\\\/aucoeurdemesnuits.com\\\/wp-content\\\/uploads\\\/2025\\\/04\\\/Carnet05-scaled.jpg\",\"datePublished\":\"2025-04-28T14:21:58+00:00\",\"dateModified\":\"2025-04-28T16:43:50+00:00\",\"breadcrumb\":{\"@id\":\"https:\\\/\\\/aucoeurdemesnuits.com\\\/?page_id=26#breadcrumb\"},\"inLanguage\":\"fr-FR\",\"potentialAction\":[{\"@type\":\"ReadAction\",\"target\":[\"https:\\\/\\\/aucoeurdemesnuits.com\\\/?page_id=26\"]}]},{\"@type\":\"ImageObject\",\"inLanguage\":\"fr-FR\",\"@id\":\"https:\\\/\\\/aucoeurdemesnuits.com\\\/?page_id=26#primaryimage\",\"url\":\"https:\\\/\\\/aucoeurdemesnuits.com\\\/wp-content\\\/uploads\\\/2025\\\/04\\\/Carnet05-scaled.jpg\",\"contentUrl\":\"https:\\\/\\\/aucoeurdemesnuits.com\\\/wp-content\\\/uploads\\\/2025\\\/04\\\/Carnet05-scaled.jpg\",\"width\":2560,\"height\":1707,\"caption\":\"A propos\"},{\"@type\":\"BreadcrumbList\",\"@id\":\"https:\\\/\\\/aucoeurdemesnuits.com\\\/?page_id=26#breadcrumb\",\"itemListElement\":[{\"@type\":\"ListItem\",\"position\":1,\"name\":\"Accueil\",\"item\":\"https:\\\/\\\/aucoeurdemesnuits.com\\\/\"},{\"@type\":\"ListItem\",\"position\":2,\"name\":\"A propos\"}]},{\"@type\":\"WebSite\",\"@id\":\"https:\\\/\\\/aucoeurdemesnuits.com\\\/#website\",\"url\":\"https:\\\/\\\/aucoeurdemesnuits.com\\\/\",\"name\":\"Au Coeur De Mes Nuits\",\"description\":\"L&#039;intime voyage des \u00e2mes silencieuses.\",\"publisher\":{\"@id\":\"https:\\\/\\\/aucoeurdemesnuits.com\\\/#\\\/schema\\\/person\\\/859ee97f85d6ef7f5f71f980ffb46fc5\"},\"potentialAction\":[{\"@type\":\"SearchAction\",\"target\":{\"@type\":\"EntryPoint\",\"urlTemplate\":\"https:\\\/\\\/aucoeurdemesnuits.com\\\/?s={search_term_string}\"},\"query-input\":{\"@type\":\"PropertyValueSpecification\",\"valueRequired\":true,\"valueName\":\"search_term_string\"}}],\"inLanguage\":\"fr-FR\"},{\"@type\":[\"Person\",\"Organization\"],\"@id\":\"https:\\\/\\\/aucoeurdemesnuits.com\\\/#\\\/schema\\\/person\\\/859ee97f85d6ef7f5f71f980ffb46fc5\",\"name\":\"Au Coeur De Mes Nuits\",\"image\":{\"@type\":\"ImageObject\",\"inLanguage\":\"fr-FR\",\"@id\":\"https:\\\/\\\/aucoeurdemesnuits.com\\\/wp-content\\\/uploads\\\/2025\\\/04\\\/logo.jpg\",\"url\":\"https:\\\/\\\/aucoeurdemesnuits.com\\\/wp-content\\\/uploads\\\/2025\\\/04\\\/logo.jpg\",\"contentUrl\":\"https:\\\/\\\/aucoeurdemesnuits.com\\\/wp-content\\\/uploads\\\/2025\\\/04\\\/logo.jpg\",\"width\":1024,\"height\":1024,\"caption\":\"Au Coeur De Mes Nuits\"},\"logo\":{\"@id\":\"https:\\\/\\\/aucoeurdemesnuits.com\\\/wp-content\\\/uploads\\\/2025\\\/04\\\/logo.jpg\"},\"sameAs\":[\"http:\\\/\\\/aucoeurdemesnuits.com\",\"https:\\\/\\\/www.instagram.com\\\/aucoeurdemesnuits\\\/\"]}]}<\/script>\n<!-- \/ Yoast SEO plugin. -->","yoast_head_json":{"title":"A propos - Au Coeur De Mes Nuits","robots":{"index":"index","follow":"follow","max-snippet":"max-snippet:-1","max-image-preview":"max-image-preview:large","max-video-preview":"max-video-preview:-1"},"canonical":"https:\/\/aucoeurdemesnuits.com\/?page_id=26","og_locale":"fr_FR","og_type":"article","og_title":"A propos - Au Coeur De Mes Nuits","og_description":"Je m&rsquo;appelle Cyril.J\u2019\u00e9cris pour habiter ce que je n&rsquo;arrive pas toujours \u00e0 dire.Je cr\u00e9e pour ne pas oublier ce qui m&rsquo;a travers\u00e9. Au C\u0153ur de Mes Nuits est n\u00e9 d&rsquo;une n\u00e9cessit\u00e9 :celle de poser les mots quelque part, loin du bruit, pr\u00e8s de l&rsquo;essentiel.Un besoin de lenteur. D&rsquo;\u00e9cho. De v\u00e9rit\u00e9 nue. Ici, il n&rsquo;y a pas de certitudes.Juste des fragments. Des passerelles fragiles entre soi et le monde.Peut-\u00eatre, de temps en temps, une clart\u00e9 au d\u00e9tour d&rsquo;un silence. Bienvenue \u00e0 ceux qui savent lire entre les lignes.","og_url":"https:\/\/aucoeurdemesnuits.com\/?page_id=26","og_site_name":"Au Coeur De Mes Nuits","article_modified_time":"2025-04-28T16:43:50+00:00","og_image":[{"width":2560,"height":1707,"url":"https:\/\/aucoeurdemesnuits.com\/wp-content\/uploads\/2025\/04\/Carnet05-scaled.jpg","type":"image\/jpeg"}],"twitter_card":"summary_large_image","twitter_misc":{"Dur\u00e9e de lecture estim\u00e9e":"1 minute"},"schema":{"@context":"https:\/\/schema.org","@graph":[{"@type":"WebPage","@id":"https:\/\/aucoeurdemesnuits.com\/?page_id=26","url":"https:\/\/aucoeurdemesnuits.com\/?page_id=26","name":"A propos - Au Coeur De Mes Nuits","isPartOf":{"@id":"https:\/\/aucoeurdemesnuits.com\/#website"},"primaryImageOfPage":{"@id":"https:\/\/aucoeurdemesnuits.com\/?page_id=26#primaryimage"},"image":{"@id":"https:\/\/aucoeurdemesnuits.com\/?page_id=26#primaryimage"},"thumbnailUrl":"https:\/\/aucoeurdemesnuits.com\/wp-content\/uploads\/2025\/04\/Carnet05-scaled.jpg","datePublished":"2025-04-28T14:21:58+00:00","dateModified":"2025-04-28T16:43:50+00:00","breadcrumb":{"@id":"https:\/\/aucoeurdemesnuits.com\/?page_id=26#breadcrumb"},"inLanguage":"fr-FR","potentialAction":[{"@type":"ReadAction","target":["https:\/\/aucoeurdemesnuits.com\/?page_id=26"]}]},{"@type":"ImageObject","inLanguage":"fr-FR","@id":"https:\/\/aucoeurdemesnuits.com\/?page_id=26#primaryimage","url":"https:\/\/aucoeurdemesnuits.com\/wp-content\/uploads\/2025\/04\/Carnet05-scaled.jpg","contentUrl":"https:\/\/aucoeurdemesnuits.com\/wp-content\/uploads\/2025\/04\/Carnet05-scaled.jpg","width":2560,"height":1707,"caption":"A propos"},{"@type":"BreadcrumbList","@id":"https:\/\/aucoeurdemesnuits.com\/?page_id=26#breadcrumb","itemListElement":[{"@type":"ListItem","position":1,"name":"Accueil","item":"https:\/\/aucoeurdemesnuits.com\/"},{"@type":"ListItem","position":2,"name":"A propos"}]},{"@type":"WebSite","@id":"https:\/\/aucoeurdemesnuits.com\/#website","url":"https:\/\/aucoeurdemesnuits.com\/","name":"Au Coeur De Mes Nuits","description":"L&#039;intime voyage des \u00e2mes silencieuses.","publisher":{"@id":"https:\/\/aucoeurdemesnuits.com\/#\/schema\/person\/859ee97f85d6ef7f5f71f980ffb46fc5"},"potentialAction":[{"@type":"SearchAction","target":{"@type":"EntryPoint","urlTemplate":"https:\/\/aucoeurdemesnuits.com\/?s={search_term_string}"},"query-input":{"@type":"PropertyValueSpecification","valueRequired":true,"valueName":"search_term_string"}}],"inLanguage":"fr-FR"},{"@type":["Person","Organization"],"@id":"https:\/\/aucoeurdemesnuits.com\/#\/schema\/person\/859ee97f85d6ef7f5f71f980ffb46fc5","name":"Au Coeur De Mes Nuits","image":{"@type":"ImageObject","inLanguage":"fr-FR","@id":"https:\/\/aucoeurdemesnuits.com\/wp-content\/uploads\/2025\/04\/logo.jpg","url":"https:\/\/aucoeurdemesnuits.com\/wp-content\/uploads\/2025\/04\/logo.jpg","contentUrl":"https:\/\/aucoeurdemesnuits.com\/wp-content\/uploads\/2025\/04\/logo.jpg","width":1024,"height":1024,"caption":"Au Coeur De Mes Nuits"},"logo":{"@id":"https:\/\/aucoeurdemesnuits.com\/wp-content\/uploads\/2025\/04\/logo.jpg"},"sameAs":["http:\/\/aucoeurdemesnuits.com","https:\/\/www.instagram.com\/aucoeurdemesnuits\/"]}]}},"_links":{"self":[{"href":"https:\/\/aucoeurdemesnuits.com\/index.php?rest_route=\/wp\/v2\/pages\/26","targetHints":{"allow":["GET"]}}],"collection":[{"href":"https:\/\/aucoeurdemesnuits.com\/index.php?rest_route=\/wp\/v2\/pages"}],"about":[{"href":"https:\/\/aucoeurdemesnuits.com\/index.php?rest_route=\/wp\/v2\/types\/page"}],"author":[{"embeddable":true,"href":"https:\/\/aucoeurdemesnuits.com\/index.php?rest_route=\/wp\/v2\/users\/1"}],"replies":[{"embeddable":true,"href":"https:\/\/aucoeurdemesnuits.com\/index.php?rest_route=%2Fwp%2Fv2%2Fcomments&post=26"}],"version-history":[{"count":5,"href":"https:\/\/aucoeurdemesnuits.com\/index.php?rest_route=\/wp\/v2\/pages\/26\/revisions"}],"predecessor-version":[{"id":67,"href":"https:\/\/aucoeurdemesnuits.com\/index.php?rest_route=\/wp\/v2\/pages\/26\/revisions\/67"}],"wp:featuredmedia":[{"embeddable":true,"href":"https:\/\/aucoeurdemesnuits.com\/index.php?rest_route=\/wp\/v2\/media\/65"}],"wp:attachment":[{"href":"https:\/\/aucoeurdemesnuits.com\/index.php?rest_route=%2Fwp%2Fv2%2Fmedia&parent=26"}],"curies":[{"name":"wp","href":"https:\/\/api.w.org\/{rel}","templated":true}]}}